{"id":214221,"date":"2021-11-05T12:01:09","date_gmt":"2021-11-05T11:01:09","guid":{"rendered":"https:\/\/cvmedica.com\/?page_id=214221"},"modified":"2021-11-05T12:02:22","modified_gmt":"2021-11-05T11:02:22","slug":"avviso-legale-e-informativa-sulla-privacy","status":"publish","type":"page","link":"https:\/\/cvmedica.com\/it\/avviso-legale-e-informativa-sulla-privacy\/","title":{"rendered":"Avviso legale e informativa sulla privacy"},"content":{"rendered":"<p>[et_pb_section fb_built=&#8221;1&#8243; admin_label=&#8221;section&#8221; _builder_version=&#8221;3.22&#8243;][et_pb_row admin_label=&#8221;row&#8221; _builder_version=&#8221;3.25&#8243; background_size=&#8221;initial&#8221; background_position=&#8221;top_left&#8221; background_repeat=&#8221;repeat&#8221;][et_pb_column type=&#8221;4_4&#8243; _builder_version=&#8221;3.25&#8243; custom_padding=&#8221;|||&#8221; custom_padding__hover=&#8221;|||&#8221;][et_pb_text admin_label=&#8221;Text&#8221; _builder_version=&#8221;3.27.4&#8243; background_size=&#8221;initial&#8221; background_position=&#8221;top_left&#8221; background_repeat=&#8221;repeat&#8221;]<\/p>\n<h2>Informazioni legali LSSIYCE<\/h2>\n<p>In conformit\u00e0 con gli obblighi previsti dalla Legge 34\/2002 sui Servizi della Societ\u00e0 dell&#8217;Informazione e del Commercio Elettronico (di seguito LSSIYCE), CV M\u00c8DICA SL dichiara che il dominio www.cvmedica.com \u00e8 di propriet\u00e0 di CV M\u00c8DICA SL, con P. IVA B-43285592, e con indirizzo registrato a Pol. Ind. La Plana c\/Ponent, n.1, 43424 SARRAL (Tarragona).<\/p>\n<p>&nbsp;<\/p>\n<p>CV M\u00c8DICA SL \u00e8 iscritta al Registro del Commercio di TARRAGONA, volume 719, foglio 168, pagina numero T-1125.<\/p>\n<p>CV M\u00c8DICA SL non \u00e8 responsabile dell&#8217;uso scorretto, inappropriato o illecito delle informazioni che appaiono su questo sito web.<\/p>\n<p>Nei limiti stabiliti dalla legge, CV M\u00c8DICA SL non \u00e8 responsabile della mancanza di veridicit\u00e0, integrit\u00e0, aggiornamento e precisione dei dati o delle informazioni di questo sito web. I contenuti e le informazioni del sito web di CV M\u00c8DICA SL sono preparati da professionisti debitamente qualificati per l\u2019esercizio della loro professione. Tuttavia, i contenuti e le informazioni non vincolano i suddetti, n\u00e9 costituiscono opinioni, raccomandazioni o avvisi legali di alcun tipo, ma semplicemente un servizio offerto a scopo informativo e divulgativo.<br \/>\nIl sito web di CV M\u00c8DICA SL pu\u00f2 contenere link ad altre pagine di terzi. Pertanto, non sar\u00e0 responsabile di alcun contenuto che possa apparire su siti web di terzi. I testi, le immagini, i suoni, le animazioni, il software e tutti gli altri contenuti di questo sito web sono di propriet\u00e0 esclusiva di CV M\u00c8DICA SL o dei licenziatari corrispondenti. Qualsiasi atto di trasmissione, distribuzione, cessione, riproduzione, memorizzazione o comunicazione pubblica totale o parziale \u00e8 possibile solo con il consenso espresso di CV M\u00c8DICA SL.<\/p>\n<h2>Protezione dei dati personali<\/h2>\n<p>In virt\u00f9 della normativa sulla Protezione dei Dati Personali, lei autorizza l&#8217;inserimento dei dati personali forniti in un file denominato Utenti Web, di cui \u00e8 responsabile CV M\u00c9DICA, con indirizzo registrato a Pol. Ind. La Plana c\/Ponent, n.1, 43424 SARRAL (Tarragona).<\/p>\n<p>Lo scopo di questo trattamento \u00e8 quello di gestire e controllare le prestazioni di questo strumento per gli utenti e di rispondere alle richieste degli stessi. Questi dati non saranno trasferiti a terzi e saranno conservati finch\u00e9 saranno essenziali o legittimi per lo scopo per cui sono stati raccolti.<br \/>\nIn ogni caso, \u00e8 possibile revocare il consenso concesso cos\u00ec come esercitare i propri diritti di accesso, rettifica o cancellazione oltre alla limitazione del trattamento od opporsi a tale trattamento cos\u00ec come il diritto alla portabilit\u00e0 dei dati. Queste richieste devono essere presentate per iscritto a Pol. Ind. La Plana v. Ponent, n.1, 43424 SARRAL (Tarragona), inviando un\u2019e-mail a <a href=\"mailto:info@cvmedica.com\">info@cvmedica.com<\/a> o attraverso il nostro <a href=\"https:\/\/cvmedica.com\/it\/?page_id=214180\">modulo di contatto<\/a>.<\/p>\n<h2><span lang=\"IT\">Propriet\u00e0 industriale e intellettuale<\/span><\/h2>\n<p>Questo sito web \u00e8 di propriet\u00e0 di CV M\u00c8DICA SL. I diritti di propriet\u00e0 intellettuale e i diritti di sfruttamento e riproduzione di questo sito web, pagine, schermate, informazioni, aspetto e design, cos\u00ec come i link (&#8220;hyperlink&#8221;) stabiliti a partire da esso verso altri siti web di qualsiasi filiale e\/o holding di CV M\u00c8DICA SL sono di propriet\u00e0 esclusiva della prima, salvo diversa indicazione esplicita.<\/p>\n<p>Qualsiasi nome, disegno e\/o logo, cos\u00ec come qualsiasi prodotto o servizio offerto e riflesso in questo sito web sono marchi debitamente registrati da CV M\u00c8DICA SL, le sue filiali e\/o terze parti.<\/p>\n<p>Qualsiasi uso improprio dello stesso da parte di soggetti diversi dal legittimo proprietario senza il consenso espresso e inequivocabile di quest&#8217;ultimo potr\u00e0 essere denunciato e perseguito attraverso tutti i mezzi legali esistenti nell&#8217;ordinamento giuridico spagnolo e\/o comunitario.<br \/>\nI diritti di<\/p>\n<p>propriet\u00e0 intellettuale e i marchi di terze parti sono opportunamente evidenziati e devono essere rispettati da chiunque acceda a questa pagina. CV M\u00c8DICA SL non \u00e8 responsabile dell&#8217;uso che l\u2019UTENTE pu\u00f2 fare in tal senso.\u00a0 L&#8217;Utente \u00e8<\/p>\n<p>l&#8217;unica parte responsabile.<br \/>\nScaricare i contenuti e copiare o stampare qualsiasi pagina di questo sito web \u00e8 permesso solo per uso personale e privato. \u00c8 vietato riprodurre, trasferire, modificare o cancellare le informazioni, i contenuti o gli avvisi di questo sito web senza previa autorizzazione scritta di CV M\u00c8DICA SL.<\/p>\n<p>CV M\u00c8DICA SL non trasferisce la propriet\u00e0 del suo software agli utenti. L&#8217;utente \u00e8 il proprietario del dispositivo su cui \u00e8 registrato il software. CV M\u00c8DICA SL possiede tutti i diritti di propriet\u00e0 industriale e intellettuale, compreso il software. Se l&#8217;utente trasferisce il software di questo sito sul suo terminale, non potr\u00e0 sezionarlo per studiarlo o decompilare o tradurre la versione del codice sorgente originale o il linguaggio in un altro codice o linguaggio.<\/p>\n<h2>Legge applicabile e giurisdizione<\/h2>\n<p>Las presentes condiciones generales se rigen por la Legislaci\u00f3n espa\u00f1ola, siendo competentes los Juzgados y Tribunales espa\u00f1oles para conocer de cuantas cuestiones se susciten sobre la interpretaci\u00f3n, aplicaci\u00f3n e cumplimiento de las mismas. EL USUARIO, por virtud de su aceptaci\u00f3n a las condiciones generales recogidas en este aviso legal, renuncia expresamente a cualquier fuero que, por aplicaci\u00f3n de la Ley de Enjuiciamiento Civil vigente pudiera corresponderle.[\/et_pb_text][\/et_pb_column][\/et_pb_row][\/et_pb_section]<\/p>\n","protected":false},"excerpt":{"rendered":"<p>Informazioni legali LSSIYCE In conformit\u00e0 con gli obblighi previsti dalla Legge 34\/2002 sui Servizi della Societ\u00e0 dell&#8217;Informazione e del Commercio Elettronico (di seguito LSSIYCE), CV M\u00c8DICA SL dichiara che il dominio www.cvmedica.com \u00e8 di propriet\u00e0 di CV M\u00c8DICA SL, con P. IVA B-43285592, e con indirizzo registrato a Pol. Ind. La Plana c\/Ponent, n.1, 43424 [&hellip;]<\/p>\n","protected":false},"author":12,"featured_media":0,"parent":0,"menu_order":0,"comment_status":"closed","ping_status":"closed","template":"","meta":{"_et_pb_use_builder":"on","_et_pb_old_content":"<h2>Informazioni legali LSSIYCE<\/h2>\r\nIn conformit\u00e0 con gli obblighi previsti dalla Legge 34\/2002 sui Servizi della Societ\u00e0 dell'Informazione e del Commercio Elettronico (di seguito LSSIYCE), CV M\u00c8DICA SL dichiara che il dominio www.cvmedica.com \u00e8 di propriet\u00e0 di CV M\u00c8DICA SL, con P. IVA B-43285592, e con indirizzo registrato a Pol. Ind. La Plana c\/Ponent, n.1, 43424 SARRAL (Tarragona).\r\n\r\n\u00a0\r\n\r\nCV M\u00c8DICA SL \u00e8 iscritta al Registro del Commercio di TARRAGONA, volume 719, foglio 168, pagina numero T-1125.\r\n\r\nCV M\u00c8DICA SL non \u00e8 responsabile dell'uso scorretto, inappropriato o illecito delle informazioni che appaiono su questo sito web.\r\n\r\nNei limiti stabiliti dalla legge, CV M\u00c8DICA SL non \u00e8 responsabile della mancanza di veridicit\u00e0, integrit\u00e0, aggiornamento e precisione dei dati o delle informazioni di questo sito web. I contenuti e le informazioni del sito web di CV M\u00c8DICA SL sono preparati da professionisti debitamente qualificati per l\u2019esercizio della loro professione. Tuttavia, i contenuti e le informazioni non vincolano i suddetti, n\u00e9 costituiscono opinioni, raccomandazioni o avvisi legali di alcun tipo, ma semplicemente un servizio offerto a scopo informativo e divulgativo.\r\nIl sito web di CV M\u00c8DICA SL pu\u00f2 contenere link ad altre pagine di terzi. Pertanto, non sar\u00e0 responsabile di alcun contenuto che possa apparire su siti web di terzi. I testi, le immagini, i suoni, le animazioni, il software e tutti gli altri contenuti di questo sito web sono di propriet\u00e0 esclusiva di CV M\u00c8DICA SL o dei licenziatari corrispondenti. Qualsiasi atto di trasmissione, distribuzione, cessione, riproduzione, memorizzazione o comunicazione pubblica totale o parziale \u00e8 possibile solo con il consenso espresso di CV M\u00c8DICA SL.\r\n<h2>Protezione dei dati personali<\/h2>\r\nIn virt\u00f9 della normativa sulla Protezione dei Dati Personali, lei autorizza l'inserimento dei dati personali forniti in un file denominato Utenti Web, di cui \u00e8 responsabile CV M\u00c9DICA, con indirizzo registrato a Pol. Ind. La Plana c\/Ponent, n.1, 43424 SARRAL (Tarragona).\r\n\r\nLo scopo di questo trattamento \u00e8 quello di gestire e controllare le prestazioni di questo strumento per gli utenti e di rispondere alle richieste degli stessi. Questi dati non saranno trasferiti a terzi e saranno conservati finch\u00e9 saranno essenziali o legittimi per lo scopo per cui sono stati raccolti.\r\nIn ogni caso, \u00e8 possibile revocare il consenso concesso cos\u00ec come esercitare i propri diritti di accesso, rettifica o cancellazione oltre alla limitazione del trattamento od opporsi a tale trattamento cos\u00ec come il diritto alla portabilit\u00e0 dei dati. Queste richieste devono essere presentate per iscritto a Pol. Ind. La Plana v. Ponent, n.1, 43424 SARRAL (Tarragona), inviando un\u2019e-mail a <a href=\"mailto:info@cvmedica.com\">info@cvmedica.com<\/a> o attraverso il nostro <a href=\"https:\/\/cvmedica.com\/contacto\/\">modulo di contatto<\/a>.\r\n<h2><span lang=\"IT\">Propriet\u00e0 industriale e intellettuale<\/span><\/h2>\r\nQuesto sito web \u00e8 di propriet\u00e0 di CV M\u00c8DICA SL. I diritti di propriet\u00e0 intellettuale e i diritti di sfruttamento e riproduzione di questo sito web, pagine, schermate, informazioni, aspetto e design, cos\u00ec come i link (\"hyperlink\") stabiliti a partire da esso verso altri siti web di qualsiasi filiale e\/o holding di CV M\u00c8DICA SL sono di propriet\u00e0 esclusiva della prima, salvo diversa indicazione esplicita.\r\n\r\nQualsiasi nome, disegno e\/o logo, cos\u00ec come qualsiasi prodotto o servizio offerto e riflesso in questo sito web sono marchi debitamente registrati da CV M\u00c8DICA SL, le sue filiali e\/o terze parti.\r\n\r\nQualsiasi uso improprio dello stesso da parte di soggetti diversi dal legittimo proprietario senza il consenso espresso e inequivocabile di quest'ultimo potr\u00e0 essere denunciato e perseguito attraverso tutti i mezzi legali esistenti nell'ordinamento giuridico spagnolo e\/o comunitario.\r\nI diritti di\r\n\r\npropriet\u00e0 intellettuale e i marchi di terze parti sono opportunamente evidenziati e devono essere rispettati da chiunque acceda a questa pagina. CV M\u00c8DICA SL non \u00e8 responsabile dell'uso che l\u2019UTENTE pu\u00f2 fare in tal senso.\u00a0 L'Utente \u00e8\r\n\r\nl'unica parte responsabile.\r\nScaricare i contenuti e copiare o stampare qualsiasi pagina di questo sito web \u00e8 permesso solo per uso personale e privato. \u00c8 vietato riprodurre, trasferire, modificare o cancellare le informazioni, i contenuti o gli avvisi di questo sito web senza previa autorizzazione scritta di CV M\u00c8DICA SL.\r\n\r\nCV M\u00c8DICA SL non trasferisce la propriet\u00e0 del suo software agli utenti. L'utente \u00e8 il proprietario del dispositivo su cui \u00e8 registrato il software. CV M\u00c8DICA SL possiede tutti i diritti di propriet\u00e0 industriale e intellettuale, compreso il software. Se l'utente trasferisce il software di questo sito sul suo terminale, non potr\u00e0 sezionarlo per studiarlo o decompilare o tradurre la versione del codice sorgente originale o il linguaggio in un altro codice o linguaggio.\r\n<h2>Legge applicabile e giurisdizione<\/h2>\r\nLas presentes condiciones generales se rigen por la Legislaci\u00f3n espa\u00f1ola, siendo competentes los Juzgados y Tribunales espa\u00f1oles para conocer de cuantas cuestiones se susciten sobre la interpretaci\u00f3n, aplicaci\u00f3n e cumplimiento de las mismas. EL USUARIO, por virtud de su aceptaci\u00f3n a las condiciones generales recogidas en este aviso legal, renuncia expresamente a cualquier fuero que, por aplicaci\u00f3n de la Ley de Enjuiciamiento Civil vigente pudiera corresponderle.","_et_gb_content_width":"","footnotes":""},"class_list":["post-214221","page","type-page","status-publish","hentry"],"aioseo_notices":[],"_links":{"self":[{"href":"https:\/\/cvmedica.com\/it\/wp-json\/wp\/v2\/pages\/214221","targetHints":{"allow":["GET"]}}],"collection":[{"href":"https:\/\/cvmedica.com\/it\/wp-json\/wp\/v2\/pages"}],"about":[{"href":"https:\/\/cvmedica.com\/it\/wp-json\/wp\/v2\/types\/page"}],"author":[{"embeddable":true,"href":"https:\/\/cvmedica.com\/it\/wp-json\/wp\/v2\/users\/12"}],"replies":[{"embeddable":true,"href":"https:\/\/cvmedica.com\/it\/wp-json\/wp\/v2\/comments?post=214221"}],"version-history":[{"count":0,"href":"https:\/\/cvmedica.com\/it\/wp-json\/wp\/v2\/pages\/214221\/revisions"}],"wp:attachment":[{"href":"https:\/\/cvmedica.com\/it\/wp-json\/wp\/v2\/media?parent=214221"}],"curies":[{"name":"wp","href":"https:\/\/api.w.org\/{rel}","templated":true}]}}