{"id":213507,"date":"2017-12-19T02:47:00","date_gmt":"2017-12-19T01:47:00","guid":{"rendered":"https:\/\/cvmedica.com\/aviso-legal-y-politica-de-privacidad\/"},"modified":"2021-11-05T11:50:54","modified_gmt":"2021-11-05T10:50:54","slug":"avis-juridique-et-politique-de-confidentialite","status":"publish","type":"page","link":"https:\/\/cvmedica.com\/fr\/avis-juridique-et-politique-de-confidentialite\/","title":{"rendered":"Avis juridique et politique de confidentialit\u00e9"},"content":{"rendered":"<p>[et_pb_section fb_built=\u00a0\u00bb1&Prime; admin_label=\u00a0\u00bbsection\u00a0\u00bb _builder_version=\u00a0\u00bb3.22&Prime;][et_pb_row admin_label=\u00a0\u00bbrow\u00a0\u00bb _builder_version=\u00a0\u00bb3.25&Prime; background_size=\u00a0\u00bbinitial\u00a0\u00bb background_position=\u00a0\u00bbtop_left\u00a0\u00bb background_repeat=\u00a0\u00bbrepeat\u00a0\u00bb][et_pb_column type=\u00a0\u00bb4_4&Prime; _builder_version=\u00a0\u00bb3.25&Prime; custom_padding=\u00a0\u00bb|||\u00a0\u00bb custom_padding__hover=\u00a0\u00bb|||\u00a0\u00bb][et_pb_text admin_label=\u00a0\u00bbText\u00a0\u00bb _builder_version=\u00a0\u00bb3.27.4&Prime; background_size=\u00a0\u00bbinitial\u00a0\u00bb background_position=\u00a0\u00bbtop_left\u00a0\u00bb background_repeat=\u00a0\u00bbrepeat\u00a0\u00bb]<\/p>\n<h2>Informaci\u00f3n Legal LSSIYCE<\/h2>\n<p>De acuerdo con las obligaciones previstas en la Ley 34\/2002, de servicios de la Sociedad de la Informaci\u00f3n y del comercio electr\u00f3nico (en adelante LSSIYCE), C.V. Medica, SL manifiesta que el dominio wwww.cvmedica.com es propiedad de C.V. Medica, SL, con CIF B-43285592, y domicilio en C\/Ponent, 1 &#8211; Pol.Ind La Plana, 43424 Sarral, Tarragona; Espa\u00f1a.<\/p>\n<p>Que C.V. Medica, SL consta inscrita en el Registro Mercantil de TARRAGONA, en el tomo 719, folio 168, hoja n\u00famero T-1125<\/p>\n<p>C.V. Medica, SL no puede asumir ninguna responsabilidad derivada del uso incorrecto, inapropiado o il\u00edcito de la informaci\u00f3n aparecida en sus p\u00e1ginas.<\/p>\n<p>Con los l\u00edmites establecidos en la ley,\u00a0C.V. Medica, SL no asume ninguna responsabilidad derivada de la falta de veracidad, integridad, actualizaci\u00f3n y precisi\u00f3n de los datos o informaciones que se contienen en sus p\u00e1ginas de Internet. Los contenidos e informaci\u00f3n de las p\u00e1ginas de Internet de C.V. Medica, SL est\u00e1n elaborados por profesionales debidamente cualificados para el ejercicio de su profesi\u00f3n. Sin embargo, los contenidos e informaci\u00f3n no vinculan a la susodicha, ni constituyen opiniones, consejos o asesoramiento legal de ning\u00fan tipo, pues se trata meramente de un servicio ofrecido con car\u00e1cter informativo y divulgativo.<br \/>\nLas p\u00e1ginas de Internet de C.V. Medica, SL pueden contener enlaces (links) a otras p\u00e1ginas de terceras. Por lo tanto, \u00e9sta no puede asumir responsabilidades por el contenido que pueda aparecer en p\u00e1ginas de terceros. Los textos, im\u00e1genes, sonidos, animaciones, software y el resto de contenidos incluidos en este website son propiedad exclusiva de C.V. Medica, SL o sus licenciantes. Cualquier acto de transmisi\u00f3n, distribuci\u00f3n, cesi\u00f3n, reproducci\u00f3n, almacenamiento o comunicaci\u00f3n p\u00fablica total o parcial, debe contar con el consentimiento expreso de C.V. Medica, SL.<\/p>\n<h2>Protecci\u00f3n de datos personales<\/h2>\n<p>En virtud de la normativa de Protecci\u00f3n de Datos de Car\u00e1cter Personal, por la presente autoriza a que los datos personales facilitados sean incorporados en un fichero denominado Usuarios web responsabilidad de C.V. Medica, SL y domicilio en C\/Ponent, 1 &#8211; Pol.Ind La Plana, 43424 Sarral, Tarragona; Espa\u00f1a.<\/p>\n<p>La finalidad de este tratamiento es la de gestionar y controlar la actuaci\u00f3n de los usuarios en este medio, as\u00ed como dar respuesta a las peticiones formuladas en estos. Estos datos no ser\u00e1n transmitidos a terceras personas y ser\u00e1n conservados siempre que sea imprescindible o leg\u00edtimo para la finalidad que se captaron.<\/p>\n<p>En cualquier caso podr\u00e1 indicar la revocaci\u00f3n del consentimiento dado, as\u00ed como ejercitar los derechos de acceso, rectificaci\u00f3n o supresi\u00f3n, la limitaci\u00f3n del tratamiento o oponer-se, as\u00ed como el derecho a la portabilidad de los datos. Estas peticiones deber\u00e1n realizarse en C\/Ponent, 1 &#8211; Pol.Ind La Plana, 43424 Sarral, Tarragona; Espa\u00f1a, o bien, enviar un correo electr\u00f3nico a <a href=\"mailto:info@cvmedica.com\">info@cvmedica.com<\/a> o a trav\u00e9s de nuestro <a href=\"https:\/\/cvmedica.com\/fr\/contact\/\">formulario de contacto<\/a>.<\/p>\n<h2>Propiedad industrial e intelectual<\/h2>\n<p>Esta web es propiedad de C.V. Medica, SL. Los derechos de Propiedad Intelectual y derechos de explotaci\u00f3n y reproducci\u00f3n de esta web, de sus p\u00e1ginas, pantallas, la Informaci\u00f3n que contienen, su apariencia y dise\u00f1o, as\u00ed como los v\u00ednculos (\u00ab\u00a0hiperlinks\u00a0\u00bb) que se establezcan desde ella a otras p\u00e1ginas web de cualquier sociedad filial y\/o dominada de C.V. Medica, SL son propiedad exclusiva de \u00e9sta, salvo que expresamente se especifique otra cosa.<\/p>\n<p>Cualquier denominaci\u00f3n, dise\u00f1o y\/o logotipo, as\u00ed como cualquier producto o servicio ofrecidos y reflejados en esta p\u00e1gina web, son marcas debidamente registradas por C.V. Medica, SL por sus sociedades filiales y\/o dominadas o por terceros.<\/p>\n<p>Cualquier uso indebido de las mismas por personas diferentes de su leg\u00edtimo titular y sin el consentimiento expreso e inequ\u00edvoco por parte de \u00e9ste podr\u00e1 ser denunciado y perseguido a trav\u00e9s de todos los medio legales existentes en el Ordenamiento Jur\u00eddico espa\u00f1ol y\/o comunitario.<\/p>\n<p>Los derechos de propiedad intelectual y marcas de terceros est\u00e1n destacados convenientemente y deben ser respetados por todo aqu\u00e9l que acceda a esta p\u00e1gina, no siendo responsabilidad de C.V. Medica, SL el uso que EL USUARIO pueda llevar a cabo al respecto, recayendo la responsabilidad exclusiva en su persona.<\/p>\n<p>S\u00f3lo para uso personal y privado se permite descargar los contenidos, copiar o imprimir cualquier p\u00e1gina de esta web. Queda prohibido reproducir, transmitir, modificar o suprimir la informaci\u00f3n, contenido o advertencias de esta web sin la previa autorizaci\u00f3n por escrito de C.V. Medica, SL.<\/p>\n<p>C.V. Medica, SL no transfiere a los usuarios la propiedad de su software. El usuario es el propietario del soporte en el cual el software es grabado. C.V. Medica, SL posee todos los derechos de propiedad industrial e intelectual, incluyendo el software. Si el usuario transfiere el software de este website a su terminal, no podr\u00e1 diseccionar para su estudio y descompilar, traducir la versi\u00f3n del c\u00f3digo objeto original o su lenguaje a otro c\u00f3digo o lenguaje.<\/p>\n<h2>Ley aplicable y jurisdicci\u00f3n<\/h2>\n<p>Las presentes condiciones generales se rigen por la Legislaci\u00f3n espa\u00f1ola, siendo competentes los Juzgados y Tribunales espa\u00f1oles para conocer de cuantas cuestiones se susciten sobre la interpretaci\u00f3n, aplicaci\u00f3n e cumplimiento de las mismas. EL USUARIO, por virtud de su aceptaci\u00f3n a las condiciones generales recogidas en este aviso legal, renuncia expresamente a cualquier fuero que, por aplicaci\u00f3n de la Ley de Enjuiciamiento Civil vigente pudiera corresponderle.[\/et_pb_text][\/et_pb_column][\/et_pb_row][\/et_pb_section]<\/p>\n","protected":false},"excerpt":{"rendered":"<p>Informaci\u00f3n Legal LSSIYCE De acuerdo con las obligaciones previstas en la Ley 34\/2002, de servicios de la Sociedad de la Informaci\u00f3n y del comercio electr\u00f3nico (en adelante LSSIYCE), C.V. Medica, SL manifiesta que el dominio wwww.cvmedica.com es propiedad de C.V. Medica, SL, con CIF B-43285592, y domicilio en C\/Ponent, 1 &#8211; Pol.Ind La Plana, 43424 [&hellip;]<\/p>\n","protected":false},"author":1,"featured_media":0,"parent":0,"menu_order":0,"comment_status":"closed","ping_status":"closed","template":"","meta":{"_et_pb_use_builder":"on","_et_pb_old_content":"<h2>Informaci\u00f3n Legal LSSIYCE<\/h2>\r\nDe acuerdo con las obligaciones previstas en la Ley 34\/2002, de servicios de la Sociedad de la Informaci\u00f3n y del comercio electr\u00f3nico (en adelante LSSIYCE), C.V. Medica, SL manifiesta que el dominio wwww.cvmedica.com es propiedad de C.V. Medica, SL, con CIF B-43285592, y domicilio en C\/Ponent, 1 - Pol.Ind La Plana, 43424 Sarral, Tarragona; Espa\u00f1a.\r\n\r\nQue C.V. Medica, SL consta inscrita en el Registro Mercantil de TARRAGONA, en el tomo 719, folio 168, hoja n\u00famero T-1125\r\n\r\nC.V. Medica, SL no puede asumir ninguna responsabilidad derivada del uso incorrecto, inapropiado o il\u00edcito de la informaci\u00f3n aparecida en sus p\u00e1ginas.\r\n\r\nCon los l\u00edmites establecidos en la ley,\u00a0C.V. Medica, SL no asume ninguna responsabilidad derivada de la falta de veracidad, integridad, actualizaci\u00f3n y precisi\u00f3n de los datos o informaciones que se contienen en sus p\u00e1ginas de Internet. Los contenidos e informaci\u00f3n de las p\u00e1ginas de Internet de C.V. Medica, SL est\u00e1n elaborados por profesionales debidamente cualificados para el ejercicio de su profesi\u00f3n. Sin embargo, los contenidos e informaci\u00f3n no vinculan a la susodicha, ni constituyen opiniones, consejos o asesoramiento legal de ning\u00fan tipo, pues se trata meramente de un servicio ofrecido con car\u00e1cter informativo y divulgativo.\r\nLas p\u00e1ginas de Internet de C.V. Medica, SL pueden contener enlaces (links) a otras p\u00e1ginas de terceras. Por lo tanto, \u00e9sta no puede asumir responsabilidades por el contenido que pueda aparecer en p\u00e1ginas de terceros. Los textos, im\u00e1genes, sonidos, animaciones, software y el resto de contenidos incluidos en este website son propiedad exclusiva de C.V. Medica, SL o sus licenciantes. Cualquier acto de transmisi\u00f3n, distribuci\u00f3n, cesi\u00f3n, reproducci\u00f3n, almacenamiento o comunicaci\u00f3n p\u00fablica total o parcial, debe contar con el consentimiento expreso de C.V. Medica, SL.\r\n<h2>Protecci\u00f3n de datos personales<\/h2>\r\nEn virtud de la normativa de Protecci\u00f3n de Datos de Car\u00e1cter Personal, por la presente autoriza a que los datos personales facilitados sean incorporados en un fichero denominado Usuarios web responsabilidad de C.V. Medica, SL y domicilio en C\/Ponent, 1 - Pol.Ind La Plana, 43424 Sarral, Tarragona; Espa\u00f1a.\r\n\r\nLa finalidad de este tratamiento es la de gestionar y controlar la actuaci\u00f3n de los usuarios en este medio, as\u00ed como dar respuesta a las peticiones formuladas en estos. Estos datos no ser\u00e1n transmitidos a terceras personas y ser\u00e1n conservados siempre que sea imprescindible o leg\u00edtimo para la finalidad que se captaron.\r\n\r\nEn cualquier caso podr\u00e1 indicar la revocaci\u00f3n del consentimiento dado, as\u00ed como ejercitar los derechos de acceso, rectificaci\u00f3n o supresi\u00f3n, la limitaci\u00f3n del tratamiento o oponer-se, as\u00ed como el derecho a la portabilidad de los datos. Estas peticiones deber\u00e1n realizarse en C\/Ponent, 1 - Pol.Ind La Plana, 43424 Sarral, Tarragona; Espa\u00f1a, o bien, enviar un correo electr\u00f3nico a <a href=\"mailto:info@cvmedica.com\">info@cvmedica.com<\/a> o a trav\u00e9s de nuestro <a href=\"https:\/\/cvmedica.com\/contacto\/\">formulario de contacto<\/a>.\r\n<h2>Propiedad industrial e intelectual<\/h2>\r\nEsta web es propiedad de C.V. Medica, SL. Los derechos de Propiedad Intelectual y derechos de explotaci\u00f3n y reproducci\u00f3n de esta web, de sus p\u00e1ginas, pantallas, la Informaci\u00f3n que contienen, su apariencia y dise\u00f1o, as\u00ed como los v\u00ednculos (\"hiperlinks\") que se establezcan desde ella a otras p\u00e1ginas web de cualquier sociedad filial y\/o dominada de C.V. Medica, SL son propiedad exclusiva de \u00e9sta, salvo que expresamente se especifique otra cosa.\r\n\r\nCualquier denominaci\u00f3n, dise\u00f1o y\/o logotipo, as\u00ed como cualquier producto o servicio ofrecidos y reflejados en esta p\u00e1gina web, son marcas debidamente registradas por C.V. Medica, SL por sus sociedades filiales y\/o dominadas o por terceros.\r\n\r\nCualquier uso indebido de las mismas por personas diferentes de su leg\u00edtimo titular y sin el consentimiento expreso e inequ\u00edvoco por parte de \u00e9ste podr\u00e1 ser denunciado y perseguido a trav\u00e9s de todos los medio legales existentes en el Ordenamiento Jur\u00eddico espa\u00f1ol y\/o comunitario.\r\n\r\nLos derechos de propiedad intelectual y marcas de terceros est\u00e1n destacados convenientemente y deben ser respetados por todo aqu\u00e9l que acceda a esta p\u00e1gina, no siendo responsabilidad de C.V. Medica, SL el uso que EL USUARIO pueda llevar a cabo al respecto, recayendo la responsabilidad exclusiva en su persona.\r\n\r\nS\u00f3lo para uso personal y privado se permite descargar los contenidos, copiar o imprimir cualquier p\u00e1gina de esta web. Queda prohibido reproducir, transmitir, modificar o suprimir la informaci\u00f3n, contenido o advertencias de esta web sin la previa autorizaci\u00f3n por escrito de C.V. Medica, SL.\r\n\r\nC.V. Medica, SL no transfiere a los usuarios la propiedad de su software. El usuario es el propietario del soporte en el cual el software es grabado. C.V. Medica, SL posee todos los derechos de propiedad industrial e intelectual, incluyendo el software. Si el usuario transfiere el software de este website a su terminal, no podr\u00e1 diseccionar para su estudio y descompilar, traducir la versi\u00f3n del c\u00f3digo objeto original o su lenguaje a otro c\u00f3digo o lenguaje.\r\n<h2>Ley aplicable y jurisdicci\u00f3n<\/h2>\r\nLas presentes condiciones generales se rigen por la Legislaci\u00f3n espa\u00f1ola, siendo competentes los Juzgados y Tribunales espa\u00f1oles para conocer de cuantas cuestiones se susciten sobre la interpretaci\u00f3n, aplicaci\u00f3n e cumplimiento de las mismas. EL USUARIO, por virtud de su aceptaci\u00f3n a las condiciones generales recogidas en este aviso legal, renuncia expresamente a cualquier fuero que, por aplicaci\u00f3n de la Ley de Enjuiciamiento Civil vigente pudiera corresponderle.","_et_gb_content_width":"","footnotes":""},"class_list":["post-213507","page","type-page","status-publish","hentry"],"aioseo_notices":[],"_links":{"self":[{"href":"https:\/\/cvmedica.com\/fr\/wp-json\/wp\/v2\/pages\/213507","targetHints":{"allow":["GET"]}}],"collection":[{"href":"https:\/\/cvmedica.com\/fr\/wp-json\/wp\/v2\/pages"}],"about":[{"href":"https:\/\/cvmedica.com\/fr\/wp-json\/wp\/v2\/types\/page"}],"author":[{"embeddable":true,"href":"https:\/\/cvmedica.com\/fr\/wp-json\/wp\/v2\/users\/1"}],"replies":[{"embeddable":true,"href":"https:\/\/cvmedica.com\/fr\/wp-json\/wp\/v2\/comments?post=213507"}],"version-history":[{"count":0,"href":"https:\/\/cvmedica.com\/fr\/wp-json\/wp\/v2\/pages\/213507\/revisions"}],"wp:attachment":[{"href":"https:\/\/cvmedica.com\/fr\/wp-json\/wp\/v2\/media?parent=213507"}],"curies":[{"name":"wp","href":"https:\/\/api.w.org\/{rel}","templated":true}]}}